{"id":833,"date":"2025-10-24T15:59:51","date_gmt":"2025-10-24T13:59:51","guid":{"rendered":"https:\/\/whoanma.com\/demo\/?page_id=833"},"modified":"2025-11-15T00:07:12","modified_gmt":"2025-11-14T23:07:12","slug":"sod","status":"publish","type":"page","link":"https:\/\/cynthiaserur.com\/en\/sod\/","title":{"rendered":"SOD"},"content":{"rendered":"<div data-elementor-type=\"wp-page\" data-elementor-id=\"833\" class=\"elementor elementor-833\">\n\t\t\t\t<div class=\"elementor-element elementor-element-5a7c6bb2 e-con-full e-flex e-con e-parent\" data-id=\"5a7c6bb2\" data-element_type=\"container\">\n\t\t<div class=\"elementor-element elementor-element-5db09ed e-con-full e-flex e-con e-child\" data-id=\"5db09ed\" data-element_type=\"container\" data-settings=\"{&quot;background_background&quot;:&quot;classic&quot;}\">\n\t\t\t\t<\/div>\n\t\t\t\t<\/div>\n\t\t<div class=\"elementor-element elementor-element-68e7b292 e-con-full e-flex e-con e-parent\" data-id=\"68e7b292\" data-element_type=\"container\">\n\t\t<div class=\"elementor-element elementor-element-29b85dee e-con-full e-flex e-con e-child\" data-id=\"29b85dee\" data-element_type=\"container\" data-settings=\"{&quot;background_background&quot;:&quot;classic&quot;}\">\n\t\t<div class=\"elementor-element elementor-element-526338ca e-con-full e-flex e-con e-child\" data-id=\"526338ca\" data-element_type=\"container\">\n\t\t\t\t<div class=\"elementor-element elementor-element-6db850bd elementor-widget elementor-widget-heading\" data-id=\"6db850bd\" data-element_type=\"widget\" data-widget_type=\"heading.default\">\n\t\t\t\t\t<div class=\"elementor-heading-title elementor-size-default\">Serie<\/div>\t\t\t\t<\/div>\n\t\t\t\t<div class=\"elementor-element elementor-element-78956bb0 elementor-widget elementor-widget-heading\" data-id=\"78956bb0\" data-element_type=\"widget\" data-widget_type=\"heading.default\">\n\t\t\t\t\t<h1 class=\"elementor-heading-title elementor-size-default\">SOD<\/h1>\t\t\t\t<\/div>\n\t\t\t\t<div class=\"elementor-element elementor-element-e9c3c32 elementor-widget-divider--view-line elementor-widget elementor-widget-divider\" data-id=\"e9c3c32\" data-element_type=\"widget\" data-widget_type=\"divider.default\">\n\t\t\t\t\t\t\t<div class=\"elementor-divider\">\n\t\t\t<span class=\"elementor-divider-separator\">\n\t\t\t\t\t\t<\/span>\n\t\t<\/div>\n\t\t\t\t\t\t<\/div>\n\t\t\t\t<\/div>\n\t\t<div class=\"elementor-element elementor-element-6622a9d e-con-full elementor-hidden-tablet elementor-hidden-mobile e-flex e-con e-child\" data-id=\"6622a9d\" data-element_type=\"container\" data-settings=\"{&quot;position&quot;:&quot;absolute&quot;}\">\n\t\t<a class=\"elementor-element elementor-element-31f740bf e-con-full e-transform e-transform e-flex e-con e-child\" data-id=\"31f740bf\" data-element_type=\"container\" data-settings=\"{&quot;_transform_scale_effect&quot;:{&quot;unit&quot;:&quot;px&quot;,&quot;size&quot;:&quot;1&quot;,&quot;sizes&quot;:[]},&quot;_transform_scale_effect_hover&quot;:{&quot;unit&quot;:&quot;px&quot;,&quot;size&quot;:&quot;1.05&quot;,&quot;sizes&quot;:[]},&quot;_transform_scale_effect_tablet&quot;:{&quot;unit&quot;:&quot;px&quot;,&quot;size&quot;:&quot;&quot;,&quot;sizes&quot;:[]},&quot;_transform_scale_effect_mobile&quot;:{&quot;unit&quot;:&quot;px&quot;,&quot;size&quot;:&quot;&quot;,&quot;sizes&quot;:[]},&quot;_transform_scale_effect_hover_tablet&quot;:{&quot;unit&quot;:&quot;px&quot;,&quot;size&quot;:&quot;&quot;,&quot;sizes&quot;:[]},&quot;_transform_scale_effect_hover_mobile&quot;:{&quot;unit&quot;:&quot;px&quot;,&quot;size&quot;:&quot;&quot;,&quot;sizes&quot;:[]}}\" href=\"#\">\n\t\t<div class=\"elementor-element elementor-element-60255d83 e-con-full e-flex e-con e-child\" data-id=\"60255d83\" data-element_type=\"container\" data-settings=\"{&quot;position&quot;:&quot;absolute&quot;}\">\n\t\t\t\t<div class=\"elementor-element elementor-element-5a93bbc8 elementor-widget elementor-widget-text-path\" data-id=\"5a93bbc8\" data-element_type=\"widget\" data-settings=\"{&quot;text&quot;:&quot;Scroll Down&quot;,&quot;start_point&quot;:{&quot;unit&quot;:&quot;%&quot;,&quot;size&quot;:&quot;43&quot;,&quot;sizes&quot;:[]},&quot;link&quot;:{&quot;url&quot;:&quot;&quot;,&quot;is_external&quot;:&quot;&quot;,&quot;nofollow&quot;:&quot;&quot;,&quot;custom_attributes&quot;:&quot;&quot;}}\" data-widget_type=\"text-path.default\">\n\t\t\t\t\t\t\t<div class=\"e-text-path\" data-text=\"Scroll Down\" data-url=\"\/\/cynthiaserur.com\/wp-content\/plugins\/elementor\/assets\/svg-paths\/circle.svg\" data-link-url=\"\"><\/div>\n\t\t\t\t\t\t<\/div>\n\t\t\t\t<\/div>\n\t\t\t\t<div class=\"elementor-element elementor-element-727c6a4d elementor-widget elementor-widget-image\" data-id=\"727c6a4d\" data-element_type=\"widget\" data-widget_type=\"image.default\">\n\t\t\t\t\t\t\t\t\t\t\t\t\t\t\t<img decoding=\"async\" width=\"74\" height=\"74\" src=\"https:\/\/cynthiaserur.com\/wp-content\/uploads\/2025\/10\/mouse-dark.png\" class=\"attachment-full size-full wp-image-621\" alt=\"\" \/>\t\t\t\t\t\t\t\t\t\t\t\t\t\t\t<\/div>\n\t\t\t\t<\/a>\n\t\t\t\t<\/div>\n\t\t\t\t<\/div>\n\t\t<div class=\"elementor-element elementor-element-1a498cb9 e-con-full e-flex e-con e-child\" data-id=\"1a498cb9\" data-element_type=\"container\" data-settings=\"{&quot;background_background&quot;:&quot;classic&quot;}\">\n\t\t<div class=\"elementor-element elementor-element-1201145a e-con-full e-flex elementor-invisible e-con e-child\" data-id=\"1201145a\" data-element_type=\"container\" data-settings=\"{&quot;background_background&quot;:&quot;classic&quot;,&quot;animation&quot;:&quot;fadeIn&quot;}\">\n\t\t\t\t<\/div>\n\t\t\t\t<\/div>\n\t\t\t\t<\/div>\n\t\t<div class=\"elementor-element elementor-element-39a2361c e-flex e-con-boxed e-con e-parent\" data-id=\"39a2361c\" data-element_type=\"container\" data-settings=\"{&quot;background_background&quot;:&quot;classic&quot;}\">\n\t\t\t\t\t<div class=\"e-con-inner\">\n\t\t\t\t<div class=\"elementor-element elementor-element-287fad07 elementor-invisible elementor-widget elementor-widget-heading\" data-id=\"287fad07\" data-element_type=\"widget\" data-settings=\"{&quot;_animation&quot;:&quot;fadeInDown&quot;}\" data-widget_type=\"heading.default\">\n\t\t\t\t\t<h2 class=\"elementor-heading-title elementor-size-default\">\/<\/h2>\t\t\t\t<\/div>\n\t\t\t\t<div class=\"elementor-element elementor-element-576b635b elementor-invisible elementor-widget elementor-widget-text-editor\" data-id=\"576b635b\" data-element_type=\"widget\" data-settings=\"{&quot;_animation&quot;:&quot;fadeInUp&quot;}\" data-widget_type=\"text-editor.default\">\n\t\t\t\t\t\t\t\t\t<blockquote><p><i>\u201cThought is the silence that becomes sound in the image\u201d.<\/i><\/p><\/blockquote>\t\t\t\t\t\t\t\t<\/div>\n\t\t<div class=\"elementor-element elementor-element-351fca42 e-con-full e-flex e-con e-child\" data-id=\"351fca42\" data-element_type=\"container\">\n\t\t\t\t<div class=\"elementor-element elementor-element-22b8199c animated-slow elementor-invisible elementor-widget elementor-widget-text-editor\" data-id=\"22b8199c\" data-element_type=\"widget\" data-settings=\"{&quot;_animation&quot;:&quot;fadeInUp&quot;}\" data-widget_type=\"text-editor.default\">\n\t\t\t\t\t\t\t\t\t<p style=\"text-align: justify;\">The penumbra is the insinuation where we hide the thoughts that are really our only possession until we turn it into an image and we are confronted with the other.\nIt is from that state of introspection that nature reveals the subtle which brings the sublime closer, thus allowing us to find ourselves.<\/p><p style=\"text-align: justify;\">Silence is that profound questioning that leads us to the experience of being, being liberating like the flight of the teal bird.<\/p>\t\t\t\t\t\t\t\t<\/div>\n\t\t\t\t<\/div>\n\t\t\t\t\t<\/div>\n\t\t\t\t<\/div>\n\t\t<div class=\"elementor-element elementor-element-7fd6049 e-flex e-con-boxed e-con e-parent\" data-id=\"7fd6049\" data-element_type=\"container\">\n\t\t\t\t\t<div class=\"e-con-inner\">\n\t\t\t\t<div class=\"elementor-element elementor-element-4af71e64 gallery-layout-grid content-visibility-visible content-layout-under-image video-preview-player sticky-filter-bar-false elementor-invisible elementor-widget elementor-widget-raven-media-gallery\" data-id=\"4af71e64\" data-element_type=\"widget\" data-settings=\"{&quot;_animation&quot;:&quot;fadeInUp&quot;,&quot;content_layout_visible&quot;:&quot;under-image&quot;,&quot;all_filter&quot;:&quot;show&quot;}\" data-widget_type=\"raven-media-gallery.default\">\n\t\t\t\t<div class=\"elementor-widget-container\">\n\t\t\t\t\t<div class=\"raven-media-gallery-wrapper\"><div class=\"raven-media-gallery-tab-contents\"><div data-raven-content-index=\"0\" class=\"content active\">\t\t<a class=\"gallery-item\" href=\"https:\/\/whoanma.com\/demo\/wp-content\/uploads\/2025\/10\/SOD1.jpg\" data-elementor-open-lightbox=\"yes\" data-elementor-lightbox-slideshow=\"all-4af71e64\">\n\t\t\t<div class=\"type-image\">\n\t\t\t\t<div class=\"poster\">\n\t\t\t\t\t\t\t\t\t\t<img decoding=\"async\" loading=\"lazy\" src=\"https:\/\/cynthiaserur.com\/wp-content\/uploads\/2025\/10\/SOD1.jpg\" alt=\"\">\n\t\t\t\t<\/div>\n\t\t\t<\/div>\n\t\t\t\t\t<div class=\"overlay\">\n\t\t\t\t\t\t\t<p class=\"caption\">\n\t\t\t\t\t\t\t\t\t<\/p>\n\t\t\t\t\t\t\t<p class=\"description\">\n\t\t\t\t\t\t\t\t\t<\/p>\n\t\t\t\t\t\t\t<p class=\"alt\">\n\t\t\t\t\t\t\t\t\t<\/p>\n\t\t\t\t\t<\/div>\n\t\t\t\t<\/a>\n\t\t\t\t<a class=\"gallery-item\" href=\"https:\/\/whoanma.com\/demo\/wp-content\/uploads\/2025\/10\/SOD3.jpg\" data-elementor-open-lightbox=\"yes\" data-elementor-lightbox-slideshow=\"all-4af71e64\">\n\t\t\t<div class=\"type-image\">\n\t\t\t\t<div class=\"poster\">\n\t\t\t\t\t\t\t\t\t\t<img decoding=\"async\" loading=\"lazy\" src=\"https:\/\/cynthiaserur.com\/wp-content\/uploads\/2025\/10\/SOD3.jpg\" alt=\"\">\n\t\t\t\t<\/div>\n\t\t\t<\/div>\n\t\t\t\t\t<div class=\"overlay\">\n\t\t\t\t\t\t\t<p class=\"caption\">\n\t\t\t\t\t\t\t\t\t<\/p>\n\t\t\t\t\t\t\t<p class=\"description\">\n\t\t\t\t\t\t\t\t\t<\/p>\n\t\t\t\t\t\t\t<p class=\"alt\">\n\t\t\t\t\t\t\t\t\t<\/p>\n\t\t\t\t\t<\/div>\n\t\t\t\t<\/a>\n\t\t\t\t<a class=\"gallery-item\" href=\"https:\/\/whoanma.com\/demo\/wp-content\/uploads\/2025\/10\/PORTADA-SERIE-SOD4.jpg\" data-elementor-open-lightbox=\"yes\" data-elementor-lightbox-slideshow=\"all-4af71e64\">\n\t\t\t<div class=\"type-image\">\n\t\t\t\t<div class=\"poster\">\n\t\t\t\t\t\t\t\t\t\t<img decoding=\"async\" loading=\"lazy\" src=\"https:\/\/cynthiaserur.com\/wp-content\/uploads\/2025\/10\/PORTADA-SERIE-SOD4.jpg\" alt=\"\">\n\t\t\t\t<\/div>\n\t\t\t<\/div>\n\t\t\t\t\t<div class=\"overlay\">\n\t\t\t\t\t\t\t<p class=\"caption\">\n\t\t\t\t\t\t\t\t\t<\/p>\n\t\t\t\t\t\t\t<p class=\"description\">\n\t\t\t\t\t\t\t\t\t<\/p>\n\t\t\t\t\t\t\t<p class=\"alt\">\n\t\t\t\t\t\t\t\t\t<\/p>\n\t\t\t\t\t<\/div>\n\t\t\t\t<\/a>\n\t\t<\/div><\/div><\/div>\t\t\t\t<\/div>\n\t\t\t\t<\/div>\n\t\t\t\t\t<\/div>\n\t\t\t\t<\/div>\n\t\t<div class=\"elementor-element elementor-element-7a6af1ae e-con-full e-flex e-con e-parent\" data-id=\"7a6af1ae\" data-element_type=\"container\" data-settings=\"{&quot;background_background&quot;:&quot;classic&quot;}\">\n\t\t<div data-raven-element-link=\"{&quot;url&quot;:&quot;https:\\\/\\\/cynthiaserur.com\\\/en\\\/intervalos\\\/&quot;,&quot;is_external&quot;:&quot;&quot;,&quot;nofollow&quot;:&quot;&quot;,&quot;custom_attributes&quot;:&quot;&quot;}\" style=\"cursor: pointer\" class=\"elementor-element elementor-element-5023342d e-con-full e-flex e-con e-child\" data-id=\"5023342d\" data-element_type=\"container\">\n\t\t\t\t<div class=\"elementor-element elementor-element-1f6dd201 elementor-widget elementor-widget-heading\" data-id=\"1f6dd201\" data-element_type=\"widget\" data-widget_type=\"heading.default\">\n\t\t\t\t\t<h2 class=\"elementor-heading-title elementor-size-default\">Previous Serie<\/h2>\t\t\t\t<\/div>\n\t\t\t\t<div class=\"elementor-element elementor-element-75addb39 elementor-widget elementor-widget-heading\" data-id=\"75addb39\" data-element_type=\"widget\" data-widget_type=\"heading.default\">\n\t\t\t\t\t<h2 class=\"elementor-heading-title elementor-size-default\">INTERVALS<\/h2>\t\t\t\t<\/div>\n\t\t<div class=\"elementor-element elementor-element-2d6250fe e-con-full e-flex e-con e-child\" data-id=\"2d6250fe\" data-element_type=\"container\" data-settings=\"{&quot;background_background&quot;:&quot;classic&quot;,&quot;position&quot;:&quot;absolute&quot;}\">\n\t\t\t\t<\/div>\n\t\t\t\t<\/div>\n\t\t<div class=\"elementor-element elementor-element-5e78179a e-con-full e-flex e-con e-child\" data-id=\"5e78179a\" data-element_type=\"container\" data-settings=\"{&quot;background_background&quot;:&quot;classic&quot;}\">\n\t\t\t\t<\/div>\n\t\t<div data-raven-element-link=\"{&quot;url&quot;:&quot;https:\\\/\\\/cynthiaserur.com\\\/en\\\/origen\\\/&quot;,&quot;is_external&quot;:&quot;&quot;,&quot;nofollow&quot;:&quot;&quot;,&quot;custom_attributes&quot;:&quot;&quot;}\" style=\"cursor: pointer\" class=\"elementor-element elementor-element-3cc3fd32 e-con-full e-flex e-con e-child\" data-id=\"3cc3fd32\" data-element_type=\"container\" data-settings=\"{&quot;background_background&quot;:&quot;classic&quot;}\">\n\t\t\t\t<div class=\"elementor-element elementor-element-1cc1d829 elementor-widget elementor-widget-heading\" data-id=\"1cc1d829\" data-element_type=\"widget\" data-widget_type=\"heading.default\">\n\t\t\t\t\t<h2 class=\"elementor-heading-title elementor-size-default\">Next Serie<\/h2>\t\t\t\t<\/div>\n\t\t\t\t<div class=\"elementor-element elementor-element-6ceaf510 elementor-widget elementor-widget-heading\" data-id=\"6ceaf510\" data-element_type=\"widget\" data-widget_type=\"heading.default\">\n\t\t\t\t\t<h2 class=\"elementor-heading-title elementor-size-default\">ORIGIN<\/h2>\t\t\t\t<\/div>\n\t\t<div class=\"elementor-element elementor-element-5f97060b e-con-full e-flex e-con e-child\" data-id=\"5f97060b\" data-element_type=\"container\" data-settings=\"{&quot;position&quot;:&quot;absolute&quot;,&quot;background_background&quot;:&quot;classic&quot;}\">\n\t\t\t\t<\/div>\n\t\t\t\t<\/div>\n\t\t\t\t<\/div>\n\t\t<div class=\"elementor-element elementor-element-4b8406e4 e-con-full e-flex e-con e-parent\" data-id=\"4b8406e4\" data-element_type=\"container\">\n\t\t<div class=\"elementor-element elementor-element-7b5fcbd0 e-con-full e-flex e-con e-child\" data-id=\"7b5fcbd0\" data-element_type=\"container\" data-settings=\"{&quot;background_background&quot;:&quot;classic&quot;}\">\n\t\t\t\t<\/div>\n\t\t\t\t<\/div>\n\t\t\t\t<\/div>","protected":false},"excerpt":{"rendered":"<p>Serie SOD \/ \u201cEl pensamiento es el silencio que se convierte en sonido en la imagen\u201d. La penumbra es la insinuaci\u00f3n donde ocultamos los pensamientos que realmente son nuestra \u00fanica posesi\u00f3n hasta que los convertimos en imagen y nos enfrentamos al otro. Es desde ese estado de introspecci\u00f3n que la naturaleza revela lo sutil, acercando [&hellip;]<\/p>","protected":false},"author":1,"featured_media":0,"parent":0,"menu_order":0,"comment_status":"closed","ping_status":"closed","template":"elementor_header_footer","meta":{"_acf_changed":false,"footnotes":""},"class_list":["post-833","page","type-page","status-publish","hentry"],"acf":[],"_links":{"self":[{"href":"https:\/\/cynthiaserur.com\/en\/wp-json\/wp\/v2\/pages\/833","targetHints":{"allow":["GET"]}}],"collection":[{"href":"https:\/\/cynthiaserur.com\/en\/wp-json\/wp\/v2\/pages"}],"about":[{"href":"https:\/\/cynthiaserur.com\/en\/wp-json\/wp\/v2\/types\/page"}],"author":[{"embeddable":true,"href":"https:\/\/cynthiaserur.com\/en\/wp-json\/wp\/v2\/users\/1"}],"replies":[{"embeddable":true,"href":"https:\/\/cynthiaserur.com\/en\/wp-json\/wp\/v2\/comments?post=833"}],"version-history":[{"count":19,"href":"https:\/\/cynthiaserur.com\/en\/wp-json\/wp\/v2\/pages\/833\/revisions"}],"predecessor-version":[{"id":1390,"href":"https:\/\/cynthiaserur.com\/en\/wp-json\/wp\/v2\/pages\/833\/revisions\/1390"}],"wp:attachment":[{"href":"https:\/\/cynthiaserur.com\/en\/wp-json\/wp\/v2\/media?parent=833"}],"curies":[{"name":"wp","href":"https:\/\/api.w.org\/{rel}","templated":true}]}}