{"id":1026,"date":"2025-10-29T21:22:57","date_gmt":"2025-10-29T20:22:57","guid":{"rendered":"https:\/\/whoanma.com\/demo\/?page_id=1026"},"modified":"2025-11-06T01:03:21","modified_gmt":"2025-11-06T00:03:21","slug":"trazos-de-tinta-y-luz","status":"publish","type":"page","link":"https:\/\/cynthiaserur.com\/en\/trazos-de-tinta-y-luz\/","title":{"rendered":"Line of ink and light"},"content":{"rendered":"<div data-elementor-type=\"wp-page\" data-elementor-id=\"1026\" class=\"elementor elementor-1026\">\n\t\t\t\t<div class=\"elementor-element elementor-element-7e04e5ea e-con-full e-flex e-con e-parent\" data-id=\"7e04e5ea\" data-element_type=\"container\">\n\t\t<div class=\"elementor-element elementor-element-440624b e-con-full e-flex e-con e-child\" data-id=\"440624b\" data-element_type=\"container\" data-settings=\"{&quot;background_background&quot;:&quot;classic&quot;}\">\n\t\t<div class=\"elementor-element elementor-element-462d6663 e-con-full e-flex e-con e-child\" data-id=\"462d6663\" data-element_type=\"container\">\n\t\t\t\t<div class=\"elementor-element elementor-element-9b79b45 elementor-widget elementor-widget-heading\" data-id=\"9b79b45\" data-element_type=\"widget\" data-widget_type=\"heading.default\">\n\t\t\t\t\t<div class=\"elementor-heading-title elementor-size-default\">Serie<\/div>\t\t\t\t<\/div>\n\t\t\t\t<div class=\"elementor-element elementor-element-4d4a242f elementor-widget elementor-widget-heading\" data-id=\"4d4a242f\" data-element_type=\"widget\" data-widget_type=\"heading.default\">\n\t\t\t\t\t<h1 class=\"elementor-heading-title elementor-size-default\">Line of ink and light\n<\/h1>\t\t\t\t<\/div>\n\t\t\t\t<div class=\"elementor-element elementor-element-179b388d elementor-widget-divider--view-line elementor-widget elementor-widget-divider\" data-id=\"179b388d\" data-element_type=\"widget\" data-widget_type=\"divider.default\">\n\t\t\t\t\t\t\t<div class=\"elementor-divider\">\n\t\t\t<span class=\"elementor-divider-separator\">\n\t\t\t\t\t\t<\/span>\n\t\t<\/div>\n\t\t\t\t\t\t<\/div>\n\t\t\t\t<\/div>\n\t\t<div class=\"elementor-element elementor-element-391fb8e1 e-con-full elementor-hidden-tablet elementor-hidden-mobile e-flex e-con e-child\" data-id=\"391fb8e1\" data-element_type=\"container\" data-settings=\"{&quot;position&quot;:&quot;absolute&quot;}\">\n\t\t<a class=\"elementor-element elementor-element-6f5637e1 e-con-full e-transform e-transform e-flex e-con e-child\" data-id=\"6f5637e1\" data-element_type=\"container\" data-settings=\"{&quot;_transform_scale_effect&quot;:{&quot;unit&quot;:&quot;px&quot;,&quot;size&quot;:&quot;1&quot;,&quot;sizes&quot;:[]},&quot;_transform_scale_effect_hover&quot;:{&quot;unit&quot;:&quot;px&quot;,&quot;size&quot;:&quot;1.05&quot;,&quot;sizes&quot;:[]},&quot;_transform_scale_effect_tablet&quot;:{&quot;unit&quot;:&quot;px&quot;,&quot;size&quot;:&quot;&quot;,&quot;sizes&quot;:[]},&quot;_transform_scale_effect_mobile&quot;:{&quot;unit&quot;:&quot;px&quot;,&quot;size&quot;:&quot;&quot;,&quot;sizes&quot;:[]},&quot;_transform_scale_effect_hover_tablet&quot;:{&quot;unit&quot;:&quot;px&quot;,&quot;size&quot;:&quot;&quot;,&quot;sizes&quot;:[]},&quot;_transform_scale_effect_hover_mobile&quot;:{&quot;unit&quot;:&quot;px&quot;,&quot;size&quot;:&quot;&quot;,&quot;sizes&quot;:[]}}\" href=\"#\">\n\t\t<div class=\"elementor-element elementor-element-164b7755 e-con-full e-flex e-con e-child\" data-id=\"164b7755\" data-element_type=\"container\" data-settings=\"{&quot;position&quot;:&quot;absolute&quot;}\">\n\t\t\t\t<div class=\"elementor-element elementor-element-485bec65 elementor-widget elementor-widget-text-path\" data-id=\"485bec65\" data-element_type=\"widget\" data-settings=\"{&quot;text&quot;:&quot;Scroll Down&quot;,&quot;start_point&quot;:{&quot;unit&quot;:&quot;%&quot;,&quot;size&quot;:&quot;43&quot;,&quot;sizes&quot;:[]},&quot;link&quot;:{&quot;url&quot;:&quot;&quot;,&quot;is_external&quot;:&quot;&quot;,&quot;nofollow&quot;:&quot;&quot;,&quot;custom_attributes&quot;:&quot;&quot;}}\" data-widget_type=\"text-path.default\">\n\t\t\t\t\t\t\t<div class=\"e-text-path\" data-text=\"Scroll Down\" data-url=\"\/\/cynthiaserur.com\/wp-content\/plugins\/elementor\/assets\/svg-paths\/circle.svg\" data-link-url=\"\"><\/div>\n\t\t\t\t\t\t<\/div>\n\t\t\t\t<\/div>\n\t\t\t\t<div class=\"elementor-element elementor-element-17a0a09d elementor-widget elementor-widget-image\" data-id=\"17a0a09d\" data-element_type=\"widget\" data-widget_type=\"image.default\">\n\t\t\t\t\t\t\t\t\t\t\t\t\t\t\t<img decoding=\"async\" width=\"74\" height=\"74\" src=\"https:\/\/cynthiaserur.com\/wp-content\/uploads\/2025\/10\/mouse-dark.png\" class=\"attachment-full size-full wp-image-621\" alt=\"\" \/>\t\t\t\t\t\t\t\t\t\t\t\t\t\t\t<\/div>\n\t\t\t\t<\/a>\n\t\t\t\t<\/div>\n\t\t\t\t<\/div>\n\t\t<div class=\"elementor-element elementor-element-6eba11c7 e-con-full e-flex e-con e-child\" data-id=\"6eba11c7\" data-element_type=\"container\" data-settings=\"{&quot;background_background&quot;:&quot;classic&quot;}\">\n\t\t<div class=\"elementor-element elementor-element-5f1cc724 e-con-full e-flex elementor-invisible e-con e-child\" data-id=\"5f1cc724\" data-element_type=\"container\" data-settings=\"{&quot;background_background&quot;:&quot;classic&quot;,&quot;animation&quot;:&quot;fadeIn&quot;}\">\n\t\t\t\t<\/div>\n\t\t\t\t<\/div>\n\t\t\t\t<\/div>\n\t\t<div class=\"elementor-element elementor-element-2fc6bdfb e-flex e-con-boxed e-con e-parent\" data-id=\"2fc6bdfb\" data-element_type=\"container\" data-settings=\"{&quot;background_background&quot;:&quot;classic&quot;}\">\n\t\t\t\t\t<div class=\"e-con-inner\">\n\t\t\t\t<div class=\"elementor-element elementor-element-6bd7ff64 elementor-invisible elementor-widget elementor-widget-heading\" data-id=\"6bd7ff64\" data-element_type=\"widget\" data-settings=\"{&quot;_animation&quot;:&quot;fadeInDown&quot;}\" data-widget_type=\"heading.default\">\n\t\t\t\t\t<h2 class=\"elementor-heading-title elementor-size-default\">\/<\/h2>\t\t\t\t<\/div>\n\t\t\t\t<div class=\"elementor-element elementor-element-ad313ab elementor-invisible elementor-widget elementor-widget-text-editor\" data-id=\"ad313ab\" data-element_type=\"widget\" data-settings=\"{&quot;_animation&quot;:&quot;fadeInUp&quot;}\" data-widget_type=\"text-editor.default\">\n\t\t\t\t\t\t\t\t\t<blockquote><p><i>\u201cBeauty is not in what we look at but in what is prompted in us when we look.\u201d\u00a0<\/i><\/p><\/blockquote>\t\t\t\t\t\t\t\t<\/div>\n\t\t<div class=\"elementor-element elementor-element-fea1460 e-con-full e-flex e-con e-child\" data-id=\"fea1460\" data-element_type=\"container\">\n\t\t\t\t<div class=\"elementor-element elementor-element-20546697 animated-slow elementor-invisible elementor-widget elementor-widget-text-editor\" data-id=\"20546697\" data-element_type=\"widget\" data-settings=\"{&quot;_animation&quot;:&quot;fadeInUp&quot;}\" data-widget_type=\"text-editor.default\">\n\t\t\t\t\t\t\t\t\t<p>It is the transition between nothingness and existence, the realization of dreams and the creative core of birth.<\/p><p>De las entra\u00f1as del acero y del concreto de una obra que poco a poco, se abre a la vida y toma su espacio. La luz, el aire, la tierra, las ideas se convierten en realidad posible, tangible.<\/p>\t\t\t\t\t\t\t\t<\/div>\n\t\t\t\t<\/div>\n\t\t\t\t\t<\/div>\n\t\t\t\t<\/div>\n\t\t<div class=\"elementor-element elementor-element-628fb358 e-flex e-con-boxed e-con e-parent\" data-id=\"628fb358\" data-element_type=\"container\">\n\t\t\t\t\t<div class=\"e-con-inner\">\n\t\t\t\t<div class=\"elementor-element elementor-element-3314b8d3 gallery-layout-grid content-visibility-visible content-layout-under-image video-preview-player sticky-filter-bar-false elementor-invisible elementor-widget elementor-widget-raven-media-gallery\" data-id=\"3314b8d3\" data-element_type=\"widget\" data-settings=\"{&quot;_animation&quot;:&quot;fadeInUp&quot;,&quot;content_layout_visible&quot;:&quot;under-image&quot;,&quot;all_filter&quot;:&quot;show&quot;}\" data-widget_type=\"raven-media-gallery.default\">\n\t\t\t\t<div class=\"elementor-widget-container\">\n\t\t\t\t\t<div class=\"raven-media-gallery-wrapper\"><div class=\"raven-media-gallery-tab-contents\"><div data-raven-content-index=\"0\" class=\"content active\">\t\t<a class=\"gallery-item\" href=\"https:\/\/whoanma.com\/demo\/wp-content\/uploads\/2025\/10\/Fotografia-3-19m-1.jpg\" data-elementor-open-lightbox=\"yes\" data-elementor-lightbox-slideshow=\"all-3314b8d3\">\n\t\t\t<div class=\"type-image\">\n\t\t\t\t<div class=\"poster\">\n\t\t\t\t\t\t\t\t\t\t<img decoding=\"async\" loading=\"lazy\" src=\"https:\/\/cynthiaserur.com\/wp-content\/uploads\/2025\/10\/Fotografia-3-19m-1.jpg\" alt=\"\">\n\t\t\t\t<\/div>\n\t\t\t<\/div>\n\t\t\t\t\t<div class=\"overlay\">\n\t\t\t\t\t\t\t<p class=\"caption\">\n\t\t\t\t\t\t\t\t\t<\/p>\n\t\t\t\t\t\t\t<p class=\"description\">\n\t\t\t\t\t\t\t\t\t<\/p>\n\t\t\t\t\t\t\t<p class=\"alt\">\n\t\t\t\t\t\t\t\t\t<\/p>\n\t\t\t\t\t<\/div>\n\t\t\t\t<\/a>\n\t\t\t\t<a class=\"gallery-item\" href=\"https:\/\/whoanma.com\/demo\/wp-content\/uploads\/2025\/10\/Trazos-de-Tinta-y-Luz-3-1.jpg\" data-elementor-open-lightbox=\"yes\" data-elementor-lightbox-slideshow=\"all-3314b8d3\">\n\t\t\t<div class=\"type-image\">\n\t\t\t\t<div class=\"poster\">\n\t\t\t\t\t\t\t\t\t\t<img decoding=\"async\" loading=\"lazy\" src=\"https:\/\/cynthiaserur.com\/wp-content\/uploads\/2025\/10\/Trazos-de-Tinta-y-Luz-3-1.jpg\" alt=\"\">\n\t\t\t\t<\/div>\n\t\t\t<\/div>\n\t\t\t\t\t<div class=\"overlay\">\n\t\t\t\t\t\t\t<p class=\"caption\">\n\t\t\t\t\t\t\t\t\t<\/p>\n\t\t\t\t\t\t\t<p class=\"description\">\n\t\t\t\t\t\t\t\t\t<\/p>\n\t\t\t\t\t\t\t<p class=\"alt\">\n\t\t\t\t\t\t\t\t\t<\/p>\n\t\t\t\t\t<\/div>\n\t\t\t\t<\/a>\n\t\t\t\t<a class=\"gallery-item\" href=\"https:\/\/whoanma.com\/demo\/wp-content\/uploads\/2025\/10\/Fotografia-3-22m-1.jpg\" data-elementor-open-lightbox=\"yes\" data-elementor-lightbox-slideshow=\"all-3314b8d3\">\n\t\t\t<div class=\"type-image\">\n\t\t\t\t<div class=\"poster\">\n\t\t\t\t\t\t\t\t\t\t<img decoding=\"async\" loading=\"lazy\" src=\"https:\/\/cynthiaserur.com\/wp-content\/uploads\/2025\/10\/Fotografia-3-22m-1.jpg\" alt=\"\">\n\t\t\t\t<\/div>\n\t\t\t<\/div>\n\t\t\t\t\t<div class=\"overlay\">\n\t\t\t\t\t\t\t<p class=\"caption\">\n\t\t\t\t\t\t\t\t\t<\/p>\n\t\t\t\t\t\t\t<p class=\"description\">\n\t\t\t\t\t\t\t\t\t<\/p>\n\t\t\t\t\t\t\t<p class=\"alt\">\n\t\t\t\t\t\t\t\t\t<\/p>\n\t\t\t\t\t<\/div>\n\t\t\t\t<\/a>\n\t\t\t\t<a class=\"gallery-item\" href=\"https:\/\/whoanma.com\/demo\/wp-content\/uploads\/2025\/10\/Fotografia-1-03m-1.jpg\" data-elementor-open-lightbox=\"yes\" data-elementor-lightbox-slideshow=\"all-3314b8d3\">\n\t\t\t<div class=\"type-image\">\n\t\t\t\t<div class=\"poster\">\n\t\t\t\t\t\t\t\t\t\t<img decoding=\"async\" loading=\"lazy\" src=\"https:\/\/cynthiaserur.com\/wp-content\/uploads\/2025\/10\/Fotografia-1-03m-1.jpg\" alt=\"\">\n\t\t\t\t<\/div>\n\t\t\t<\/div>\n\t\t\t\t\t<div class=\"overlay\">\n\t\t\t\t\t\t\t<p class=\"caption\">\n\t\t\t\t\t\t\t\t\t<\/p>\n\t\t\t\t\t\t\t<p class=\"description\">\n\t\t\t\t\t\t\t\t\t<\/p>\n\t\t\t\t\t\t\t<p class=\"alt\">\n\t\t\t\t\t\t\t\t\t<\/p>\n\t\t\t\t\t<\/div>\n\t\t\t\t<\/a>\n\t\t\t\t<a class=\"gallery-item\" href=\"https:\/\/whoanma.com\/demo\/wp-content\/uploads\/2025\/10\/POTADA-Y-OJO.jpg\" data-elementor-open-lightbox=\"yes\" data-elementor-lightbox-slideshow=\"all-3314b8d3\">\n\t\t\t<div class=\"type-image\">\n\t\t\t\t<div class=\"poster\">\n\t\t\t\t\t\t\t\t\t\t<img decoding=\"async\" loading=\"lazy\" src=\"https:\/\/cynthiaserur.com\/wp-content\/uploads\/2025\/10\/POTADA-Y-OJO.jpg\" alt=\"\">\n\t\t\t\t<\/div>\n\t\t\t<\/div>\n\t\t\t\t\t<div class=\"overlay\">\n\t\t\t\t\t\t\t<p class=\"caption\">\n\t\t\t\t\t\t\t\t\t<\/p>\n\t\t\t\t\t\t\t<p class=\"description\">\n\t\t\t\t\t\t\t\t\t<\/p>\n\t\t\t\t\t\t\t<p class=\"alt\">\n\t\t\t\t\t\t\t\t\t<\/p>\n\t\t\t\t\t<\/div>\n\t\t\t\t<\/a>\n\t\t<\/div><\/div><\/div>\t\t\t\t<\/div>\n\t\t\t\t<\/div>\n\t\t\t\t\t<\/div>\n\t\t\t\t<\/div>\n\t\t<div class=\"elementor-element elementor-element-3b9be4cc e-con-full e-flex e-con e-parent\" data-id=\"3b9be4cc\" data-element_type=\"container\" data-settings=\"{&quot;background_background&quot;:&quot;classic&quot;}\">\n\t\t<a class=\"elementor-element elementor-element-31db160c e-con-full e-flex e-con e-child\" data-id=\"31db160c\" data-element_type=\"container\" href=\"#\">\n\t\t\t\t<div class=\"elementor-element elementor-element-16328c17 elementor-widget elementor-widget-heading\" data-id=\"16328c17\" data-element_type=\"widget\" data-widget_type=\"heading.default\">\n\t\t\t\t\t<h2 class=\"elementor-heading-title elementor-size-default\">Previous Serie<\/h2>\t\t\t\t<\/div>\n\t\t\t\t<div class=\"elementor-element elementor-element-6332af51 elementor-widget elementor-widget-heading\" data-id=\"6332af51\" data-element_type=\"widget\" data-widget_type=\"heading.default\">\n\t\t\t\t\t<h2 class=\"elementor-heading-title elementor-size-default\">LUCEM EDERE<\/h2>\t\t\t\t<\/div>\n\t\t<div data-raven-element-link=\"{&quot;url&quot;:&quot;https:\\\/\\\/cynthiaserur.com\\\/en\\\/lucem-edere\\\/&quot;,&quot;is_external&quot;:&quot;&quot;,&quot;nofollow&quot;:&quot;&quot;,&quot;custom_attributes&quot;:&quot;&quot;}\" style=\"cursor: pointer\" class=\"elementor-element elementor-element-25f7d931 e-con-full e-flex e-con e-child\" data-id=\"25f7d931\" data-element_type=\"container\" data-settings=\"{&quot;background_background&quot;:&quot;classic&quot;,&quot;position&quot;:&quot;absolute&quot;}\">\n\t\t\t\t<\/div>\n\t\t\t\t<\/a>\n\t\t<div class=\"elementor-element elementor-element-422a6291 e-con-full e-flex e-con e-child\" data-id=\"422a6291\" data-element_type=\"container\" data-settings=\"{&quot;background_background&quot;:&quot;classic&quot;}\">\n\t\t\t\t<\/div>\n\t\t<a class=\"elementor-element elementor-element-17e46f9a e-con-full e-flex e-con e-child\" data-id=\"17e46f9a\" data-element_type=\"container\" data-settings=\"{&quot;background_background&quot;:&quot;classic&quot;}\" href=\"#\">\n\t\t\t\t<div class=\"elementor-element elementor-element-277a7281 elementor-widget elementor-widget-heading\" data-id=\"277a7281\" data-element_type=\"widget\" data-widget_type=\"heading.default\">\n\t\t\t\t\t<h2 class=\"elementor-heading-title elementor-size-default\">Next Serie<\/h2>\t\t\t\t<\/div>\n\t\t\t\t<div class=\"elementor-element elementor-element-6dbf9532 elementor-widget elementor-widget-heading\" data-id=\"6dbf9532\" data-element_type=\"widget\" data-widget_type=\"heading.default\">\n\t\t\t\t\t<h2 class=\"elementor-heading-title elementor-size-default\">LIVING CONCRETE<\/h2>\t\t\t\t<\/div>\n\t\t<div data-raven-element-link=\"{&quot;url&quot;:&quot;https:\\\/\\\/cynthiaserur.com\\\/en\\\/concreto-vivo\\\/&quot;,&quot;is_external&quot;:&quot;&quot;,&quot;nofollow&quot;:&quot;&quot;,&quot;custom_attributes&quot;:&quot;&quot;}\" style=\"cursor: pointer\" class=\"elementor-element elementor-element-73a5c96d e-con-full e-flex e-con e-child\" data-id=\"73a5c96d\" data-element_type=\"container\" data-settings=\"{&quot;position&quot;:&quot;absolute&quot;,&quot;background_background&quot;:&quot;classic&quot;}\">\n\t\t\t\t<\/div>\n\t\t\t\t<\/a>\n\t\t\t\t<\/div>\n\t\t<div class=\"elementor-element elementor-element-1a24b5da e-con-full e-flex e-con e-parent\" data-id=\"1a24b5da\" data-element_type=\"container\">\n\t\t<div class=\"elementor-element elementor-element-1cfb9c7f e-con-full e-flex e-con e-child\" data-id=\"1cfb9c7f\" data-element_type=\"container\" data-settings=\"{&quot;background_background&quot;:&quot;classic&quot;}\">\n\t\t\t\t<\/div>\n\t\t\t\t<\/div>\n\t\t\t\t<\/div>","protected":false},"excerpt":{"rendered":"<p>Serie TRAZOS DE TINTA Y LUZ \/ \u201cLa belleza no est\u00e1 en lo que miramos sino en lo que nos produce lo que miramos.\u201d\u00a0 Es la transici\u00f3n entre la nada y la existencia, es la concreci\u00f3n de sue\u00f1os y la entra\u00f1a creativa de un alumbramiento. De las entra\u00f1as del acero y del concreto de una [&hellip;]<\/p>","protected":false},"author":1,"featured_media":0,"parent":0,"menu_order":0,"comment_status":"closed","ping_status":"closed","template":"elementor_header_footer","meta":{"_acf_changed":false,"footnotes":""},"class_list":["post-1026","page","type-page","status-publish","hentry"],"acf":[],"_links":{"self":[{"href":"https:\/\/cynthiaserur.com\/en\/wp-json\/wp\/v2\/pages\/1026","targetHints":{"allow":["GET"]}}],"collection":[{"href":"https:\/\/cynthiaserur.com\/en\/wp-json\/wp\/v2\/pages"}],"about":[{"href":"https:\/\/cynthiaserur.com\/en\/wp-json\/wp\/v2\/types\/page"}],"author":[{"embeddable":true,"href":"https:\/\/cynthiaserur.com\/en\/wp-json\/wp\/v2\/users\/1"}],"replies":[{"embeddable":true,"href":"https:\/\/cynthiaserur.com\/en\/wp-json\/wp\/v2\/comments?post=1026"}],"version-history":[{"count":13,"href":"https:\/\/cynthiaserur.com\/en\/wp-json\/wp\/v2\/pages\/1026\/revisions"}],"predecessor-version":[{"id":1264,"href":"https:\/\/cynthiaserur.com\/en\/wp-json\/wp\/v2\/pages\/1026\/revisions\/1264"}],"wp:attachment":[{"href":"https:\/\/cynthiaserur.com\/en\/wp-json\/wp\/v2\/media?parent=1026"}],"curies":[{"name":"wp","href":"https:\/\/api.w.org\/{rel}","templated":true}]}}